{"id":1484,"date":"2019-04-10T06:58:39","date_gmt":"2019-04-10T04:58:39","guid":{"rendered":"http:\/\/www.portugalissimo.eu\/newsletter-bestellen\/"},"modified":"2019-05-15T13:24:24","modified_gmt":"2019-05-15T11:24:24","slug":"subscribe-newsletter","status":"publish","type":"page","link":"https:\/\/www.portugalissimo.eu\/en\/subscribe-newsletter\/","title":{"rendered":"Subscribe Newsletter"},"content":{"rendered":"","protected":false},"excerpt":{"rendered":"","protected":false},"author":1,"featured_media":0,"parent":0,"menu_order":0,"comment_status":"closed","ping_status":"closed","template":"tpl-default.php","meta":{"_acf_changed":false,"footnotes":""},"acf":[],"yoast_head":"<!-- This site is optimized with the Yoast SEO plugin v24.4 - https:\/\/yoast.com\/wordpress\/plugins\/seo\/ -->\n<title>Subscribe Newsletter and get information about properties in Portugal<\/title>\n<meta name=\"description\" content=\"You can keep up to date\u00a0and learn more about our new properties and our services by subscribing to our free newsletter.\" \/>\n<meta name=\"robots\" content=\"index, follow, max-snippet:-1, max-image-preview:large, max-video-preview:-1\" \/>\n<link rel=\"canonical\" href=\"https:\/\/www.portugalissimo.eu\/en\/subscribe-newsletter\/\" \/>\n<meta property=\"og:locale\" content=\"en_GB\" \/>\n<meta property=\"og:type\" content=\"article\" \/>\n<meta property=\"og:title\" content=\"Newsletter bestellen und Infos zum Immobilienkauf in Portugal erhalten\" \/>\n<meta property=\"og:description\" content=\"Bleiben Sie stets auf dem Laufenden und erfahren Sie regelm\u00e4\u00dfig mehr \u00fcber die neuen Objekte und Leistungen von Portugalissimo.\" \/>\n<meta property=\"og:url\" content=\"https:\/\/www.portugalissimo.eu\/en\/subscribe-newsletter\/\" \/>\n<meta property=\"og:site_name\" content=\"Portugalissimo\" \/>\n<meta property=\"article:publisher\" content=\"https:\/\/www.facebook.com\/pages\/Portugalissimo\/576862629125634\" \/>\n<meta property=\"article:modified_time\" content=\"2019-05-15T11:24:24+00:00\" \/>\n<meta name=\"twitter:card\" content=\"summary_large_image\" \/>\n<meta name=\"twitter:title\" content=\"Newsletter bestellen und Infos zum Immobilienkauf in Portugal erhalten\" \/>\n<meta name=\"twitter:description\" content=\"Bleiben Sie stets auf dem Laufenden und erfahren Sie regelm\u00e4\u00dfig mehr \u00fcber die neuen Objekte und Leistungen von Portugalissimo.\" \/>\n<meta name=\"twitter:site\" content=\"@portugal_issimo\" \/>\n<script type=\"application\/ld+json\" class=\"yoast-schema-graph\">{\"@context\":\"https:\/\/schema.org\",\"@graph\":[{\"@type\":\"WebPage\",\"@id\":\"https:\/\/www.portugalissimo.eu\/en\/subscribe-newsletter\/\",\"url\":\"https:\/\/www.portugalissimo.eu\/en\/subscribe-newsletter\/\",\"name\":\"Subscribe Newsletter and get information about properties in Portugal\",\"isPartOf\":{\"@id\":\"https:\/\/www.portugalissimo.eu\/en\/#website\"},\"datePublished\":\"2019-04-10T04:58:39+00:00\",\"dateModified\":\"2019-05-15T11:24:24+00:00\",\"description\":\"You can keep up to date\u00a0and learn more about our new properties and our services by subscribing to our free newsletter.\",\"breadcrumb\":{\"@id\":\"https:\/\/www.portugalissimo.eu\/en\/subscribe-newsletter\/#breadcrumb\"},\"inLanguage\":\"en-GB\",\"potentialAction\":[{\"@type\":\"ReadAction\",\"target\":[\"https:\/\/www.portugalissimo.eu\/en\/subscribe-newsletter\/\"]}]},{\"@type\":\"BreadcrumbList\",\"@id\":\"https:\/\/www.portugalissimo.eu\/en\/subscribe-newsletter\/#breadcrumb\",\"itemListElement\":[{\"@type\":\"ListItem\",\"position\":1,\"name\":\"Startseite\",\"item\":\"https:\/\/www.portugalissimo.eu\/en\/\"},{\"@type\":\"ListItem\",\"position\":2,\"name\":\"Subscribe Newsletter\"}]},{\"@type\":\"WebSite\",\"@id\":\"https:\/\/www.portugalissimo.eu\/en\/#website\",\"url\":\"https:\/\/www.portugalissimo.eu\/en\/\",\"name\":\"Portugalissimo\",\"description\":\"\",\"publisher\":{\"@id\":\"https:\/\/www.portugalissimo.eu\/en\/#organization\"},\"potentialAction\":[{\"@type\":\"SearchAction\",\"target\":{\"@type\":\"EntryPoint\",\"urlTemplate\":\"https:\/\/www.portugalissimo.eu\/en\/?s={search_term_string}\"},\"query-input\":{\"@type\":\"PropertyValueSpecification\",\"valueRequired\":true,\"valueName\":\"search_term_string\"}}],\"inLanguage\":\"en-GB\"},{\"@type\":\"Organization\",\"@id\":\"https:\/\/www.portugalissimo.eu\/en\/#organization\",\"name\":\"Portugalissimo\",\"url\":\"https:\/\/www.portugalissimo.eu\/en\/\",\"logo\":{\"@type\":\"ImageObject\",\"inLanguage\":\"en-GB\",\"@id\":\"https:\/\/www.portugalissimo.eu\/en\/#\/schema\/logo\/image\/\",\"url\":\"https:\/\/www.portugalissimo.eu\/wp-content\/uploads\/2019\/04\/portugalissimo_logo.png\",\"contentUrl\":\"https:\/\/www.portugalissimo.eu\/wp-content\/uploads\/2019\/04\/portugalissimo_logo.png\",\"width\":240,\"height\":273,\"caption\":\"Portugalissimo\"},\"image\":{\"@id\":\"https:\/\/www.portugalissimo.eu\/en\/#\/schema\/logo\/image\/\"},\"sameAs\":[\"https:\/\/www.facebook.com\/pages\/Portugalissimo\/576862629125634\",\"https:\/\/x.com\/portugal_issimo\"]}]}<\/script>\n<!-- \/ Yoast SEO plugin. -->","yoast_head_json":{"title":"Subscribe Newsletter and get information about properties in Portugal","description":"You can keep up to date\u00a0and learn more about our new properties and our services by subscribing to our free newsletter.","robots":{"index":"index","follow":"follow","max-snippet":"max-snippet:-1","max-image-preview":"max-image-preview:large","max-video-preview":"max-video-preview:-1"},"canonical":"https:\/\/www.portugalissimo.eu\/en\/subscribe-newsletter\/","og_locale":"en_GB","og_type":"article","og_title":"Newsletter bestellen und Infos zum Immobilienkauf in Portugal erhalten","og_description":"Bleiben Sie stets auf dem Laufenden und erfahren Sie regelm\u00e4\u00dfig mehr \u00fcber die neuen Objekte und Leistungen von Portugalissimo.","og_url":"https:\/\/www.portugalissimo.eu\/en\/subscribe-newsletter\/","og_site_name":"Portugalissimo","article_publisher":"https:\/\/www.facebook.com\/pages\/Portugalissimo\/576862629125634","article_modified_time":"2019-05-15T11:24:24+00:00","twitter_card":"summary_large_image","twitter_title":"Newsletter bestellen und Infos zum Immobilienkauf in Portugal erhalten","twitter_description":"Bleiben Sie stets auf dem Laufenden und erfahren Sie regelm\u00e4\u00dfig mehr \u00fcber die neuen Objekte und Leistungen von Portugalissimo.","twitter_site":"@portugal_issimo","schema":{"@context":"https:\/\/schema.org","@graph":[{"@type":"WebPage","@id":"https:\/\/www.portugalissimo.eu\/en\/subscribe-newsletter\/","url":"https:\/\/www.portugalissimo.eu\/en\/subscribe-newsletter\/","name":"Subscribe Newsletter and get information about properties in Portugal","isPartOf":{"@id":"https:\/\/www.portugalissimo.eu\/en\/#website"},"datePublished":"2019-04-10T04:58:39+00:00","dateModified":"2019-05-15T11:24:24+00:00","description":"You can keep up to date\u00a0and learn more about our new properties and our services by subscribing to our free newsletter.","breadcrumb":{"@id":"https:\/\/www.portugalissimo.eu\/en\/subscribe-newsletter\/#breadcrumb"},"inLanguage":"en-GB","potentialAction":[{"@type":"ReadAction","target":["https:\/\/www.portugalissimo.eu\/en\/subscribe-newsletter\/"]}]},{"@type":"BreadcrumbList","@id":"https:\/\/www.portugalissimo.eu\/en\/subscribe-newsletter\/#breadcrumb","itemListElement":[{"@type":"ListItem","position":1,"name":"Startseite","item":"https:\/\/www.portugalissimo.eu\/en\/"},{"@type":"ListItem","position":2,"name":"Subscribe Newsletter"}]},{"@type":"WebSite","@id":"https:\/\/www.portugalissimo.eu\/en\/#website","url":"https:\/\/www.portugalissimo.eu\/en\/","name":"Portugalissimo","description":"","publisher":{"@id":"https:\/\/www.portugalissimo.eu\/en\/#organization"},"potentialAction":[{"@type":"SearchAction","target":{"@type":"EntryPoint","urlTemplate":"https:\/\/www.portugalissimo.eu\/en\/?s={search_term_string}"},"query-input":{"@type":"PropertyValueSpecification","valueRequired":true,"valueName":"search_term_string"}}],"inLanguage":"en-GB"},{"@type":"Organization","@id":"https:\/\/www.portugalissimo.eu\/en\/#organization","name":"Portugalissimo","url":"https:\/\/www.portugalissimo.eu\/en\/","logo":{"@type":"ImageObject","inLanguage":"en-GB","@id":"https:\/\/www.portugalissimo.eu\/en\/#\/schema\/logo\/image\/","url":"https:\/\/www.portugalissimo.eu\/wp-content\/uploads\/2019\/04\/portugalissimo_logo.png","contentUrl":"https:\/\/www.portugalissimo.eu\/wp-content\/uploads\/2019\/04\/portugalissimo_logo.png","width":240,"height":273,"caption":"Portugalissimo"},"image":{"@id":"https:\/\/www.portugalissimo.eu\/en\/#\/schema\/logo\/image\/"},"sameAs":["https:\/\/www.facebook.com\/pages\/Portugalissimo\/576862629125634","https:\/\/x.com\/portugal_issimo"]}]}},"_links":{"self":[{"href":"https:\/\/www.portugalissimo.eu\/en\/wp-json\/wp\/v2\/pages\/1484"}],"collection":[{"href":"https:\/\/www.portugalissimo.eu\/en\/wp-json\/wp\/v2\/pages"}],"about":[{"href":"https:\/\/www.portugalissimo.eu\/en\/wp-json\/wp\/v2\/types\/page"}],"author":[{"embeddable":true,"href":"https:\/\/www.portugalissimo.eu\/en\/wp-json\/wp\/v2\/users\/1"}],"replies":[{"embeddable":true,"href":"https:\/\/www.portugalissimo.eu\/en\/wp-json\/wp\/v2\/comments?post=1484"}],"version-history":[{"count":3,"href":"https:\/\/www.portugalissimo.eu\/en\/wp-json\/wp\/v2\/pages\/1484\/revisions"}],"predecessor-version":[{"id":1519,"href":"https:\/\/www.portugalissimo.eu\/en\/wp-json\/wp\/v2\/pages\/1484\/revisions\/1519"}],"wp:attachment":[{"href":"https:\/\/www.portugalissimo.eu\/en\/wp-json\/wp\/v2\/media?parent=1484"}],"curies":[{"name":"wp","href":"https:\/\/api.w.org\/{rel}","templated":true}]}}