{"id":405,"date":"2019-03-28T09:41:48","date_gmt":"2019-03-28T08:41:48","guid":{"rendered":"http:\/\/www.portugalissimo.eu\/home\/"},"modified":"2025-10-14T12:40:27","modified_gmt":"2025-10-14T10:40:27","slug":"home","status":"publish","type":"page","link":"https:\/\/www.portugalissimo.eu\/en\/","title":{"rendered":"Home"},"content":{"rendered":"","protected":false},"excerpt":{"rendered":"","protected":false},"author":1,"featured_media":0,"parent":0,"menu_order":0,"comment_status":"closed","ping_status":"closed","template":"tpl-default.php","meta":{"_acf_changed":false,"footnotes":""},"acf":[],"yoast_head":"<!-- This site is optimized with the Yoast SEO plugin v24.4 - https:\/\/yoast.com\/wordpress\/plugins\/seo\/ -->\n<title>Properties for sale in rural and Central Portugal - Portugalissimo<\/title>\n<meta name=\"description\" content=\"For more than 20 years, we scoured Portugal to discover sought after properties. We also offer rent to own solutions and advice about living in Portugal and buying a property in Portugal. Here you can find information on straw bale construction and timber frame construction in Portugal and timber supply of larch, Norway spruce, organic wood preservatives, professional timber mounting hardware.\" \/>\n<meta name=\"robots\" content=\"index, follow, max-snippet:-1, max-image-preview:large, max-video-preview:-1\" \/>\n<link rel=\"canonical\" href=\"https:\/\/www.portugalissimo.eu\/en\/\" \/>\n<meta property=\"og:locale\" content=\"en_GB\" \/>\n<meta property=\"og:type\" content=\"article\" \/>\n<meta property=\"og:title\" content=\"Sie wollen ein Grundst\u00fcck oder eine Immobilie in Portugal kaufen?\" \/>\n<meta property=\"og:description\" content=\"Seit mehr als 20 Jahren durchforsten wir Portugal nach speziellen g\u00fcnstigen Immobilien. Ausserdem bieten wir auch Immobilien-Beratungen f\u00fcr ganz Portugal an und Sie finden bei uns Informationen zu Strohhausbau und Holzbau in Portugal und k\u00f6nnen Bauholz wie L\u00e4rche, nordische Fichte, biologische Holzschutzmittel, professionelles Befestigungsmaterial beziehen.\" \/>\n<meta property=\"og:url\" content=\"https:\/\/www.portugalissimo.eu\/en\/\" \/>\n<meta property=\"og:site_name\" content=\"Portugalissimo\" \/>\n<meta property=\"article:publisher\" content=\"https:\/\/www.facebook.com\/pages\/Portugalissimo\/576862629125634\" \/>\n<meta property=\"article:modified_time\" content=\"2025-10-14T10:40:27+00:00\" \/>\n<meta property=\"og:image\" content=\"https:\/\/www.portugalissimo.eu\/wp-content\/uploads\/2019\/03\/portugal4_opt.jpg\" \/>\n\t<meta property=\"og:image:width\" content=\"1024\" \/>\n\t<meta property=\"og:image:height\" content=\"768\" \/>\n\t<meta property=\"og:image:type\" content=\"image\/jpeg\" \/>\n<meta name=\"twitter:card\" content=\"summary_large_image\" \/>\n<meta name=\"twitter:title\" content=\"Sie wollen ein Grundst\u00fcck oder eine Immobilie in Portugal kaufen?\" \/>\n<meta name=\"twitter:description\" content=\"Seit mehr als 20 Jahren durchforsten wir Portugal nach speziellen g\u00fcnstigen Immobilien. Ausserdem bieten wir auch Immobilien-Beratungen f\u00fcr ganz Portugal an und Sie finden bei uns Informationen zu Strohhausbau und Holzbau in Portugal und k\u00f6nnen Bauholz wie L\u00e4rche, nordische Fichte, biologische Holzschutzmittel, professionelles Befestigungsmaterial beziehen.\" \/>\n<meta name=\"twitter:image\" content=\"https:\/\/www.portugalissimo.eu\/wp-content\/uploads\/2019\/03\/portugal4_opt.jpg\" \/>\n<meta name=\"twitter:site\" content=\"@portugal_issimo\" \/>\n<meta name=\"twitter:label1\" content=\"Estimated reading time\" \/>\n\t<meta name=\"twitter:data1\" content=\"7 minutes\" \/>\n<script type=\"application\/ld+json\" class=\"yoast-schema-graph\">{\"@context\":\"https:\/\/schema.org\",\"@graph\":[{\"@type\":\"WebPage\",\"@id\":\"https:\/\/www.portugalissimo.eu\/en\/\",\"url\":\"https:\/\/www.portugalissimo.eu\/en\/\",\"name\":\"Properties for sale in rural and Central Portugal - Portugalissimo\",\"isPartOf\":{\"@id\":\"https:\/\/www.portugalissimo.eu\/en\/#website\"},\"datePublished\":\"2019-03-28T08:41:48+00:00\",\"dateModified\":\"2025-10-14T10:40:27+00:00\",\"description\":\"For more than 20 years, we scoured Portugal to discover sought after properties. We also offer rent to own solutions and advice about living in Portugal and buying a property in Portugal. Here you can find information on straw bale construction and timber frame construction in Portugal and timber supply of larch, Norway spruce, organic wood preservatives, professional timber mounting hardware.\",\"breadcrumb\":{\"@id\":\"https:\/\/www.portugalissimo.eu\/en\/#breadcrumb\"},\"inLanguage\":\"en-GB\",\"potentialAction\":[{\"@type\":\"ReadAction\",\"target\":[\"https:\/\/www.portugalissimo.eu\/en\/\"]}]},{\"@type\":\"BreadcrumbList\",\"@id\":\"https:\/\/www.portugalissimo.eu\/en\/#breadcrumb\",\"itemListElement\":[{\"@type\":\"ListItem\",\"position\":1,\"name\":\"Startseite\",\"item\":\"https:\/\/www.portugalissimo.eu\/en\/\"},{\"@type\":\"ListItem\",\"position\":2,\"name\":\"Home\"}]},{\"@type\":\"WebSite\",\"@id\":\"https:\/\/www.portugalissimo.eu\/en\/#website\",\"url\":\"https:\/\/www.portugalissimo.eu\/en\/\",\"name\":\"Portugalissimo\",\"description\":\"\",\"publisher\":{\"@id\":\"https:\/\/www.portugalissimo.eu\/en\/#organization\"},\"potentialAction\":[{\"@type\":\"SearchAction\",\"target\":{\"@type\":\"EntryPoint\",\"urlTemplate\":\"https:\/\/www.portugalissimo.eu\/en\/?s={search_term_string}\"},\"query-input\":{\"@type\":\"PropertyValueSpecification\",\"valueRequired\":true,\"valueName\":\"search_term_string\"}}],\"inLanguage\":\"en-GB\"},{\"@type\":\"Organization\",\"@id\":\"https:\/\/www.portugalissimo.eu\/en\/#organization\",\"name\":\"Portugalissimo\",\"url\":\"https:\/\/www.portugalissimo.eu\/en\/\",\"logo\":{\"@type\":\"ImageObject\",\"inLanguage\":\"en-GB\",\"@id\":\"https:\/\/www.portugalissimo.eu\/en\/#\/schema\/logo\/image\/\",\"url\":\"https:\/\/www.portugalissimo.eu\/wp-content\/uploads\/2019\/04\/portugalissimo_logo.png\",\"contentUrl\":\"https:\/\/www.portugalissimo.eu\/wp-content\/uploads\/2019\/04\/portugalissimo_logo.png\",\"width\":240,\"height\":273,\"caption\":\"Portugalissimo\"},\"image\":{\"@id\":\"https:\/\/www.portugalissimo.eu\/en\/#\/schema\/logo\/image\/\"},\"sameAs\":[\"https:\/\/www.facebook.com\/pages\/Portugalissimo\/576862629125634\",\"https:\/\/x.com\/portugal_issimo\"]}]}<\/script>\n<!-- \/ Yoast SEO plugin. -->","yoast_head_json":{"title":"Properties for sale in rural and Central Portugal - Portugalissimo","description":"For more than 20 years, we scoured Portugal to discover sought after properties. We also offer rent to own solutions and advice about living in Portugal and buying a property in Portugal. Here you can find information on straw bale construction and timber frame construction in Portugal and timber supply of larch, Norway spruce, organic wood preservatives, professional timber mounting hardware.","robots":{"index":"index","follow":"follow","max-snippet":"max-snippet:-1","max-image-preview":"max-image-preview:large","max-video-preview":"max-video-preview:-1"},"canonical":"https:\/\/www.portugalissimo.eu\/en\/","og_locale":"en_GB","og_type":"article","og_title":"Sie wollen ein Grundst\u00fcck oder eine Immobilie in Portugal kaufen?","og_description":"Seit mehr als 20 Jahren durchforsten wir Portugal nach speziellen g\u00fcnstigen Immobilien. Ausserdem bieten wir auch Immobilien-Beratungen f\u00fcr ganz Portugal an und Sie finden bei uns Informationen zu Strohhausbau und Holzbau in Portugal und k\u00f6nnen Bauholz wie L\u00e4rche, nordische Fichte, biologische Holzschutzmittel, professionelles Befestigungsmaterial beziehen.","og_url":"https:\/\/www.portugalissimo.eu\/en\/","og_site_name":"Portugalissimo","article_publisher":"https:\/\/www.facebook.com\/pages\/Portugalissimo\/576862629125634","article_modified_time":"2025-10-14T10:40:27+00:00","og_image":[{"width":1024,"height":768,"url":"https:\/\/www.portugalissimo.eu\/wp-content\/uploads\/2019\/03\/portugal4_opt.jpg","type":"image\/jpeg"}],"twitter_card":"summary_large_image","twitter_title":"Sie wollen ein Grundst\u00fcck oder eine Immobilie in Portugal kaufen?","twitter_description":"Seit mehr als 20 Jahren durchforsten wir Portugal nach speziellen g\u00fcnstigen Immobilien. Ausserdem bieten wir auch Immobilien-Beratungen f\u00fcr ganz Portugal an und Sie finden bei uns Informationen zu Strohhausbau und Holzbau in Portugal und k\u00f6nnen Bauholz wie L\u00e4rche, nordische Fichte, biologische Holzschutzmittel, professionelles Befestigungsmaterial beziehen.","twitter_image":"https:\/\/www.portugalissimo.eu\/wp-content\/uploads\/2019\/03\/portugal4_opt.jpg","twitter_site":"@portugal_issimo","twitter_misc":{"Estimated reading time":"7 minutes"},"schema":{"@context":"https:\/\/schema.org","@graph":[{"@type":"WebPage","@id":"https:\/\/www.portugalissimo.eu\/en\/","url":"https:\/\/www.portugalissimo.eu\/en\/","name":"Properties for sale in rural and Central Portugal - Portugalissimo","isPartOf":{"@id":"https:\/\/www.portugalissimo.eu\/en\/#website"},"datePublished":"2019-03-28T08:41:48+00:00","dateModified":"2025-10-14T10:40:27+00:00","description":"For more than 20 years, we scoured Portugal to discover sought after properties. We also offer rent to own solutions and advice about living in Portugal and buying a property in Portugal. Here you can find information on straw bale construction and timber frame construction in Portugal and timber supply of larch, Norway spruce, organic wood preservatives, professional timber mounting hardware.","breadcrumb":{"@id":"https:\/\/www.portugalissimo.eu\/en\/#breadcrumb"},"inLanguage":"en-GB","potentialAction":[{"@type":"ReadAction","target":["https:\/\/www.portugalissimo.eu\/en\/"]}]},{"@type":"BreadcrumbList","@id":"https:\/\/www.portugalissimo.eu\/en\/#breadcrumb","itemListElement":[{"@type":"ListItem","position":1,"name":"Startseite","item":"https:\/\/www.portugalissimo.eu\/en\/"},{"@type":"ListItem","position":2,"name":"Home"}]},{"@type":"WebSite","@id":"https:\/\/www.portugalissimo.eu\/en\/#website","url":"https:\/\/www.portugalissimo.eu\/en\/","name":"Portugalissimo","description":"","publisher":{"@id":"https:\/\/www.portugalissimo.eu\/en\/#organization"},"potentialAction":[{"@type":"SearchAction","target":{"@type":"EntryPoint","urlTemplate":"https:\/\/www.portugalissimo.eu\/en\/?s={search_term_string}"},"query-input":{"@type":"PropertyValueSpecification","valueRequired":true,"valueName":"search_term_string"}}],"inLanguage":"en-GB"},{"@type":"Organization","@id":"https:\/\/www.portugalissimo.eu\/en\/#organization","name":"Portugalissimo","url":"https:\/\/www.portugalissimo.eu\/en\/","logo":{"@type":"ImageObject","inLanguage":"en-GB","@id":"https:\/\/www.portugalissimo.eu\/en\/#\/schema\/logo\/image\/","url":"https:\/\/www.portugalissimo.eu\/wp-content\/uploads\/2019\/04\/portugalissimo_logo.png","contentUrl":"https:\/\/www.portugalissimo.eu\/wp-content\/uploads\/2019\/04\/portugalissimo_logo.png","width":240,"height":273,"caption":"Portugalissimo"},"image":{"@id":"https:\/\/www.portugalissimo.eu\/en\/#\/schema\/logo\/image\/"},"sameAs":["https:\/\/www.facebook.com\/pages\/Portugalissimo\/576862629125634","https:\/\/x.com\/portugal_issimo"]}]}},"_links":{"self":[{"href":"https:\/\/www.portugalissimo.eu\/en\/wp-json\/wp\/v2\/pages\/405"}],"collection":[{"href":"https:\/\/www.portugalissimo.eu\/en\/wp-json\/wp\/v2\/pages"}],"about":[{"href":"https:\/\/www.portugalissimo.eu\/en\/wp-json\/wp\/v2\/types\/page"}],"author":[{"embeddable":true,"href":"https:\/\/www.portugalissimo.eu\/en\/wp-json\/wp\/v2\/users\/1"}],"replies":[{"embeddable":true,"href":"https:\/\/www.portugalissimo.eu\/en\/wp-json\/wp\/v2\/comments?post=405"}],"version-history":[{"count":48,"href":"https:\/\/www.portugalissimo.eu\/en\/wp-json\/wp\/v2\/pages\/405\/revisions"}],"predecessor-version":[{"id":8032,"href":"https:\/\/www.portugalissimo.eu\/en\/wp-json\/wp\/v2\/pages\/405\/revisions\/8032"}],"wp:attachment":[{"href":"https:\/\/www.portugalissimo.eu\/en\/wp-json\/wp\/v2\/media?parent=405"}],"curies":[{"name":"wp","href":"https:\/\/api.w.org\/{rel}","templated":true}]}}